{"id":608,"date":"2023-02-22T21:52:51","date_gmt":"2023-02-22T20:52:51","guid":{"rendered":"http:\/\/ipe-dijon.com\/?page_id=608"},"modified":"2023-03-08T17:09:09","modified_gmt":"2023-03-08T16:09:09","slug":"a-propos","status":"publish","type":"page","link":"https:\/\/ipe-dijon.com\/?page_id=608","title":{"rendered":"A propos"},"content":{"rendered":"\t\t<div data-elementor-type=\"wp-page\" data-elementor-id=\"608\" class=\"elementor elementor-608\">\n\t\t\t\t\t\t<section class=\"elementor-section elementor-top-section elementor-element elementor-element-f6479fe elementor-section-full_width elementor-section-height-default elementor-section-height-default\" data-id=\"f6479fe\" data-element_type=\"section\" data-settings=\"{&quot;background_background&quot;:&quot;classic&quot;}\">\n\t\t\t\t\t\t<div class=\"elementor-container elementor-column-gap-default\">\n\t\t\t\t\t<div class=\"elementor-column elementor-col-100 elementor-top-column elementor-element elementor-element-19ba563\" data-id=\"19ba563\" data-element_type=\"column\">\n\t\t\t<div class=\"elementor-widget-wrap elementor-element-populated\">\n\t\t\t\t\t\t<div class=\"elementor-element elementor-element-004254c elementor-widget elementor-widget-heading\" data-id=\"004254c\" data-element_type=\"widget\" data-widget_type=\"heading.default\">\n\t\t\t\t<div class=\"elementor-widget-container\">\n\t\t\t<style>\/*! elementor - v3.23.0 - 05-08-2024 *\/\n.elementor-heading-title{padding:0;margin:0;line-height:1}.elementor-widget-heading .elementor-heading-title[class*=elementor-size-]>a{color:inherit;font-size:inherit;line-height:inherit}.elementor-widget-heading .elementor-heading-title.elementor-size-small{font-size:15px}.elementor-widget-heading .elementor-heading-title.elementor-size-medium{font-size:19px}.elementor-widget-heading .elementor-heading-title.elementor-size-large{font-size:29px}.elementor-widget-heading .elementor-heading-title.elementor-size-xl{font-size:39px}.elementor-widget-heading .elementor-heading-title.elementor-size-xxl{font-size:59px}<\/style><h1 class=\"elementor-heading-title elementor-size-default\">A propos de nous<\/h1>\t\t<\/div>\n\t\t\t\t<\/div>\n\t\t\t\t\t<\/div>\n\t\t<\/div>\n\t\t\t\t\t<\/div>\n\t\t<\/section>\n\t\t\t\t<section class=\"elementor-section elementor-top-section elementor-element elementor-element-7b5d46d elementor-section-boxed elementor-section-height-default elementor-section-height-default\" data-id=\"7b5d46d\" data-element_type=\"section\">\n\t\t\t\t\t\t<div class=\"elementor-container elementor-column-gap-default\">\n\t\t\t\t\t<div class=\"elementor-column elementor-col-50 elementor-top-column elementor-element elementor-element-235c41f\" data-id=\"235c41f\" data-element_type=\"column\">\n\t\t\t<div class=\"elementor-widget-wrap elementor-element-populated\">\n\t\t\t\t\t\t<div class=\"elementor-element elementor-element-da78e09 elementor-widget elementor-widget-image\" data-id=\"da78e09\" data-element_type=\"widget\" data-widget_type=\"image.default\">\n\t\t\t\t<div class=\"elementor-widget-container\">\n\t\t\t<style>\/*! elementor - v3.23.0 - 05-08-2024 *\/\n.elementor-widget-image{text-align:center}.elementor-widget-image a{display:inline-block}.elementor-widget-image a img[src$=\".svg\"]{width:48px}.elementor-widget-image img{vertical-align:middle;display:inline-block}<\/style>\t\t\t\t\t\t\t\t\t\t<img fetchpriority=\"high\" decoding=\"async\" width=\"1000\" height=\"667\" src=\"https:\/\/ipe-dijon.com\/wp-content\/uploads\/2023\/02\/partie-ouvrier-masculin.jpg\" class=\"attachment-large size-large wp-image-789\" alt=\"\" srcset=\"https:\/\/ipe-dijon.com\/wp-content\/uploads\/2023\/02\/partie-ouvrier-masculin.jpg 1000w, https:\/\/ipe-dijon.com\/wp-content\/uploads\/2023\/02\/partie-ouvrier-masculin-300x200.jpg 300w, https:\/\/ipe-dijon.com\/wp-content\/uploads\/2023\/02\/partie-ouvrier-masculin-768x512.jpg 768w\" sizes=\"(max-width: 1000px) 100vw, 1000px\" \/>\t\t\t\t\t\t\t\t\t\t\t\t\t<\/div>\n\t\t\t\t<\/div>\n\t\t\t\t\t<\/div>\n\t\t<\/div>\n\t\t\t\t<div class=\"elementor-column elementor-col-50 elementor-top-column elementor-element elementor-element-2e7d9d7\" data-id=\"2e7d9d7\" data-element_type=\"column\">\n\t\t\t<div class=\"elementor-widget-wrap elementor-element-populated\">\n\t\t\t\t\t\t<div class=\"elementor-element elementor-element-70ae237 elementor-widget elementor-widget-heading\" data-id=\"70ae237\" data-element_type=\"widget\" data-widget_type=\"heading.default\">\n\t\t\t\t<div class=\"elementor-widget-container\">\n\t\t\t<h1 class=\"elementor-heading-title elementor-size-default\">I.P.E<\/h1>\t\t<\/div>\n\t\t\t\t<\/div>\n\t\t\t\t<div class=\"elementor-element elementor-element-b658491 elementor-widget elementor-widget-heading\" data-id=\"b658491\" data-element_type=\"widget\" data-widget_type=\"heading.default\">\n\t\t\t\t<div class=\"elementor-widget-container\">\n\t\t\t<h2 class=\"elementor-heading-title elementor-size-default\">Isolation Peinture \u00c9tanch\u00e9it\u00e9<\/h2>\t\t<\/div>\n\t\t\t\t<\/div>\n\t\t\t\t<div class=\"elementor-element elementor-element-59e8b3b elementor-widget elementor-widget-text-editor\" data-id=\"59e8b3b\" data-element_type=\"widget\" data-widget_type=\"text-editor.default\">\n\t\t\t\t<div class=\"elementor-widget-container\">\n\t\t\t<style>\/*! elementor - v3.23.0 - 05-08-2024 *\/\n.elementor-widget-text-editor.elementor-drop-cap-view-stacked .elementor-drop-cap{background-color:#69727d;color:#fff}.elementor-widget-text-editor.elementor-drop-cap-view-framed .elementor-drop-cap{color:#69727d;border:3px solid;background-color:transparent}.elementor-widget-text-editor:not(.elementor-drop-cap-view-default) .elementor-drop-cap{margin-top:8px}.elementor-widget-text-editor:not(.elementor-drop-cap-view-default) .elementor-drop-cap-letter{width:1em;height:1em}.elementor-widget-text-editor .elementor-drop-cap{float:left;text-align:center;line-height:1;font-size:50px}.elementor-widget-text-editor .elementor-drop-cap-letter{display:inline-block}<\/style>\t\t\t\t<p>IPE est une entreprise familiale avec 1 ans d&rsquo;activit\u00e9.<\/p><p>Nous avons une \u00e9quipe de fa\u00e7adiers \u00e0 votre service pour effectuer tous types de travaux neuf ou de r\u00e9novation tels que le ravalement des fa\u00e7ade, isolation, hydrogommage ou encore peinture d&rsquo;ext\u00e9rieur.<\/p><p style=\"text-align: left;\">Une \u00e9quipe qualifi\u00e9e vous accompganera dans toutes vos d\u00e9marches.<\/p>\t\t\t\t\t\t<\/div>\n\t\t\t\t<\/div>\n\t\t\t\t\t<\/div>\n\t\t<\/div>\n\t\t\t\t\t<\/div>\n\t\t<\/section>\n\t\t\t\t<footer class=\"elementor-section elementor-top-section elementor-element elementor-element-2980ebcc elementor-section-full_width elementor-section-content-middle elementor-section-height-default elementor-section-height-default\" data-id=\"2980ebcc\" data-element_type=\"section\">\n\t\t\t\t\t\t<div class=\"elementor-container elementor-column-gap-no\">\n\t\t\t\t\t<div class=\"elementor-column elementor-col-50 elementor-top-column elementor-element elementor-element-2f1249dc\" data-id=\"2f1249dc\" data-element_type=\"column\">\n\t\t\t<div class=\"elementor-widget-wrap elementor-element-populated\">\n\t\t\t\t\t\t<div class=\"elementor-element elementor-element-2c5b875c elementor-widget elementor-widget-image\" data-id=\"2c5b875c\" data-element_type=\"widget\" data-widget_type=\"image.default\">\n\t\t\t\t<div class=\"elementor-widget-container\">\n\t\t\t\t\t\t\t\t\t\t\t\t\t<img decoding=\"async\" width=\"300\" height=\"300\" src=\"https:\/\/ipe-dijon.com\/wp-content\/uploads\/2023\/02\/cropped-I.P.E5-1-300x300.png\" class=\"attachment-medium size-medium wp-image-556\" alt=\"\" srcset=\"https:\/\/ipe-dijon.com\/wp-content\/uploads\/2023\/02\/cropped-I.P.E5-1-300x300.png 300w, https:\/\/ipe-dijon.com\/wp-content\/uploads\/2023\/02\/cropped-I.P.E5-1-150x150.png 150w, https:\/\/ipe-dijon.com\/wp-content\/uploads\/2023\/02\/cropped-I.P.E5-1-270x270.png 270w, https:\/\/ipe-dijon.com\/wp-content\/uploads\/2023\/02\/cropped-I.P.E5-1-192x192.png 192w, https:\/\/ipe-dijon.com\/wp-content\/uploads\/2023\/02\/cropped-I.P.E5-1-180x180.png 180w, https:\/\/ipe-dijon.com\/wp-content\/uploads\/2023\/02\/cropped-I.P.E5-1-32x32.png 32w, https:\/\/ipe-dijon.com\/wp-content\/uploads\/2023\/02\/cropped-I.P.E5-1.png 512w\" sizes=\"(max-width: 300px) 100vw, 300px\" \/>\t\t\t\t\t\t\t\t\t\t\t\t\t<\/div>\n\t\t\t\t<\/div>\n\t\t\t\t\t<\/div>\n\t\t<\/div>\n\t\t\t\t<div class=\"elementor-column elementor-col-50 elementor-top-column elementor-element elementor-element-1a3d10d8\" data-id=\"1a3d10d8\" data-element_type=\"column\">\n\t\t\t<div class=\"elementor-widget-wrap elementor-element-populated\">\n\t\t\t\t\t\t<div class=\"elementor-element elementor-element-77a6a743 elementor-icon-list--layout-inline elementor-tablet-align-center elementor-align-center elementor-list-item-link-full_width elementor-widget elementor-widget-icon-list\" data-id=\"77a6a743\" data-element_type=\"widget\" data-widget_type=\"icon-list.default\">\n\t\t\t\t<div class=\"elementor-widget-container\">\n\t\t\t<link rel=\"stylesheet\" href=\"https:\/\/ipe-dijon.com\/wp-content\/plugins\/elementor\/assets\/css\/widget-icon-list.min.css\">\t\t<ul class=\"elementor-icon-list-items elementor-inline-items\">\n\t\t\t\t\t\t\t<li class=\"elementor-icon-list-item elementor-inline-item\">\n\t\t\t\t\t\t\t\t\t\t\t<span class=\"elementor-icon-list-icon\">\n\t\t\t\t\t\t\t<svg aria-hidden=\"true\" class=\"e-font-icon-svg e-fas-phone-alt\" viewBox=\"0 0 512 512\" xmlns=\"http:\/\/www.w3.org\/2000\/svg\"><path d=\"M497.39 361.8l-112-48a24 24 0 0 0-28 6.9l-49.6 60.6A370.66 370.66 0 0 1 130.6 204.11l60.6-49.6a23.94 23.94 0 0 0 6.9-28l-48-112A24.16 24.16 0 0 0 122.6.61l-104 24A24 24 0 0 0 0 48c0 256.5 207.9 464 464 464a24 24 0 0 0 23.4-18.6l24-104a24.29 24.29 0 0 0-14.01-27.6z\"><\/path><\/svg>\t\t\t\t\t\t<\/span>\n\t\t\t\t\t\t\t\t\t\t<span class=\"elementor-icon-list-text\">06 35 31 18 66<\/span>\n\t\t\t\t\t\t\t\t\t<\/li>\n\t\t\t\t\t\t\t\t<li class=\"elementor-icon-list-item elementor-inline-item\">\n\t\t\t\t\t\t\t\t\t\t\t<span class=\"elementor-icon-list-icon\">\n\t\t\t\t\t\t\t<svg aria-hidden=\"true\" class=\"e-font-icon-svg e-fas-location-arrow\" viewBox=\"0 0 512 512\" xmlns=\"http:\/\/www.w3.org\/2000\/svg\"><path d=\"M444.52 3.52L28.74 195.42c-47.97 22.39-31.98 92.75 19.19 92.75h175.91v175.91c0 51.17 70.36 67.17 92.75 19.19l191.9-415.78c15.99-38.39-25.59-79.97-63.97-63.97z\"><\/path><\/svg>\t\t\t\t\t\t<\/span>\n\t\t\t\t\t\t\t\t\t\t<span class=\"elementor-icon-list-text\">10 Rue au Bouchet 21000 Dijon <\/span>\n\t\t\t\t\t\t\t\t\t<\/li>\n\t\t\t\t\t\t\t\t<li class=\"elementor-icon-list-item elementor-inline-item\">\n\t\t\t\t\t\t\t\t\t\t\t<span class=\"elementor-icon-list-icon\">\n\t\t\t\t\t\t\t<svg aria-hidden=\"true\" class=\"e-font-icon-svg e-fas-clock\" viewBox=\"0 0 512 512\" xmlns=\"http:\/\/www.w3.org\/2000\/svg\"><path d=\"M256,8C119,8,8,119,8,256S119,504,256,504,504,393,504,256,393,8,256,8Zm92.49,313h0l-20,25a16,16,0,0,1-22.49,2.5h0l-67-49.72a40,40,0,0,1-15-31.23V112a16,16,0,0,1,16-16h32a16,16,0,0,1,16,16V256l58,42.5A16,16,0,0,1,348.49,321Z\"><\/path><\/svg>\t\t\t\t\t\t<\/span>\n\t\t\t\t\t\t\t\t\t\t<span class=\"elementor-icon-list-text\">Lun.-Ven. 9:00 - 17:00<\/span>\n\t\t\t\t\t\t\t\t\t<\/li>\n\t\t\t\t\t\t<\/ul>\n\t\t\t\t<\/div>\n\t\t\t\t<\/div>\n\t\t\t\t\t<\/div>\n\t\t<\/div>\n\t\t\t\t\t<\/div>\n\t\t<\/footer>\n\t\t\t\t<\/div>\n\t\t","protected":false},"excerpt":{"rendered":"<p>A propos de nous I.P.E Isolation Peinture \u00c9tanch\u00e9it\u00e9 IPE est une entreprise familiale avec 1 ans d&rsquo;activit\u00e9. Nous avons une \u00e9quipe de fa\u00e7adiers \u00e0 votre service pour effectuer tous types de travaux neuf ou de r\u00e9novation tels que le ravalement des fa\u00e7ade, isolation, hydrogommage ou encore peinture d&rsquo;ext\u00e9rieur. Une \u00e9quipe qualifi\u00e9e vous accompganera dans toutes [&hellip;]<\/p>\n","protected":false},"author":1,"featured_media":0,"parent":0,"menu_order":0,"comment_status":"closed","ping_status":"closed","template":"","meta":{"ocean_post_layout":"","ocean_both_sidebars_style":"","ocean_both_sidebars_content_width":0,"ocean_both_sidebars_sidebars_width":0,"ocean_sidebar":"0","ocean_second_sidebar":"0","ocean_disable_margins":"on","ocean_add_body_class":"","ocean_shortcode_before_top_bar":"","ocean_shortcode_after_top_bar":"","ocean_shortcode_before_header":"","ocean_shortcode_after_header":"","ocean_has_shortcode":"","ocean_shortcode_after_title":"","ocean_shortcode_before_footer_widgets":"","ocean_shortcode_after_footer_widgets":"","ocean_shortcode_before_footer_bottom":"","ocean_shortcode_after_footer_bottom":"","ocean_display_top_bar":"default","ocean_display_header":"default","ocean_header_style":"","ocean_center_header_left_menu":"0","ocean_custom_header_template":"0","ocean_custom_logo":0,"ocean_custom_retina_logo":0,"ocean_custom_logo_max_width":0,"ocean_custom_logo_tablet_max_width":0,"ocean_custom_logo_mobile_max_width":0,"ocean_custom_logo_max_height":0,"ocean_custom_logo_tablet_max_height":0,"ocean_custom_logo_mobile_max_height":0,"ocean_header_custom_menu":"0","ocean_menu_typo_font_family":"0","ocean_menu_typo_font_subset":"","ocean_menu_typo_font_size":0,"ocean_menu_typo_font_size_tablet":0,"ocean_menu_typo_font_size_mobile":0,"ocean_menu_typo_font_size_unit":"px","ocean_menu_typo_font_weight":"","ocean_menu_typo_font_weight_tablet":"","ocean_menu_typo_font_weight_mobile":"","ocean_menu_typo_transform":"","ocean_menu_typo_transform_tablet":"","ocean_menu_typo_transform_mobile":"","ocean_menu_typo_line_height":0,"ocean_menu_typo_line_height_tablet":0,"ocean_menu_typo_line_height_mobile":0,"ocean_menu_typo_line_height_unit":"","ocean_menu_typo_spacing":0,"ocean_menu_typo_spacing_tablet":0,"ocean_menu_typo_spacing_mobile":0,"ocean_menu_typo_spacing_unit":"","ocean_menu_link_color":"","ocean_menu_link_color_hover":"","ocean_menu_link_color_active":"","ocean_menu_link_background":"","ocean_menu_link_hover_background":"","ocean_menu_link_active_background":"","ocean_menu_social_links_bg":"","ocean_menu_social_hover_links_bg":"","ocean_menu_social_links_color":"","ocean_menu_social_hover_links_color":"","ocean_disable_title":"default","ocean_disable_heading":"default","ocean_post_title":"","ocean_post_subheading":"","ocean_post_title_style":"","ocean_post_title_background_color":"","ocean_post_title_background":0,"ocean_post_title_bg_image_position":"","ocean_post_title_bg_image_attachment":"","ocean_post_title_bg_image_repeat":"","ocean_post_title_bg_image_size":"","ocean_post_title_height":0,"ocean_post_title_bg_overlay":0.5,"ocean_post_title_bg_overlay_color":"","ocean_disable_breadcrumbs":"default","ocean_breadcrumbs_color":"","ocean_breadcrumbs_separator_color":"","ocean_breadcrumbs_links_color":"","ocean_breadcrumbs_links_hover_color":"","ocean_display_footer_widgets":"default","ocean_display_footer_bottom":"default","ocean_custom_footer_template":"0"},"yoast_head":"<!-- This site is optimized with the Yoast SEO plugin v21.1 - https:\/\/yoast.com\/wordpress\/plugins\/seo\/ -->\n<title>Isolation Peinture \u00c9tanch\u00e9it\u00e9<\/title>\n<meta name=\"description\" content=\"IPE a une \u00e9quipe de fa\u00e7adiers \u00e0 votre service pour effectuer tous types de travaux neuf ou de r\u00e9novation tels que le ravalement des fa\u00e7ade, isolation, hydrogommage ou encore peinture d&#039;ext\u00e9rieur.\" \/>\n<meta name=\"robots\" content=\"index, follow, max-snippet:-1, max-image-preview:large, max-video-preview:-1\" \/>\n<link rel=\"canonical\" href=\"https:\/\/ipe-dijon.com\/?page_id=608\" \/>\n<meta property=\"og:locale\" content=\"fr_FR\" \/>\n<meta property=\"og:type\" content=\"article\" \/>\n<meta property=\"og:title\" content=\"Isolation Peinture \u00c9tanch\u00e9it\u00e9\" \/>\n<meta property=\"og:description\" content=\"IPE a une \u00e9quipe de fa\u00e7adiers \u00e0 votre service pour effectuer tous types de travaux neuf ou de r\u00e9novation tels que le ravalement des fa\u00e7ade, isolation, hydrogommage ou encore peinture d&#039;ext\u00e9rieur.\" \/>\n<meta property=\"og:url\" content=\"https:\/\/ipe-dijon.com\/?page_id=608\" \/>\n<meta property=\"og:site_name\" content=\"IPE Isolation Peinture Etancheit\u00e9\" \/>\n<meta property=\"article:modified_time\" content=\"2023-03-08T16:09:09+00:00\" \/>\n<meta property=\"og:image\" content=\"http:\/\/ipe-dijon.com\/wp-content\/uploads\/2023\/02\/partie-ouvrier-masculin.jpg\" \/>\n<meta name=\"twitter:card\" content=\"summary_large_image\" \/>\n<meta name=\"twitter:label1\" content=\"Dur\u00e9e de lecture estim\u00e9e\" \/>\n\t<meta name=\"twitter:data1\" content=\"1 minute\" \/>\n<script type=\"application\/ld+json\" class=\"yoast-schema-graph\">{\"@context\":\"https:\/\/schema.org\",\"@graph\":[{\"@type\":\"WebPage\",\"@id\":\"https:\/\/ipe-dijon.com\/?page_id=608\",\"url\":\"https:\/\/ipe-dijon.com\/?page_id=608\",\"name\":\"Isolation Peinture \u00c9tanch\u00e9it\u00e9\",\"isPartOf\":{\"@id\":\"https:\/\/ipe-dijon.com\/#website\"},\"datePublished\":\"2023-02-22T20:52:51+00:00\",\"dateModified\":\"2023-03-08T16:09:09+00:00\",\"description\":\"IPE a une \u00e9quipe de fa\u00e7adiers \u00e0 votre service pour effectuer tous types de travaux neuf ou de r\u00e9novation tels que le ravalement des fa\u00e7ade, isolation, hydrogommage ou encore peinture d'ext\u00e9rieur.\",\"breadcrumb\":{\"@id\":\"https:\/\/ipe-dijon.com\/?page_id=608#breadcrumb\"},\"inLanguage\":\"fr-FR\",\"potentialAction\":[{\"@type\":\"ReadAction\",\"target\":[\"https:\/\/ipe-dijon.com\/?page_id=608\"]}]},{\"@type\":\"BreadcrumbList\",\"@id\":\"https:\/\/ipe-dijon.com\/?page_id=608#breadcrumb\",\"itemListElement\":[{\"@type\":\"ListItem\",\"position\":1,\"name\":\"Home\",\"item\":\"https:\/\/ipe-dijon.com\/\"},{\"@type\":\"ListItem\",\"position\":2,\"name\":\"A propos\"}]},{\"@type\":\"WebSite\",\"@id\":\"https:\/\/ipe-dijon.com\/#website\",\"url\":\"https:\/\/ipe-dijon.com\/\",\"name\":\"IPE - Isolation Peinture \u00c9tanch\u00e9it\u00e9\",\"description\":\"Isolation Peinture Etancheit\u00e9\",\"publisher\":{\"@id\":\"https:\/\/ipe-dijon.com\/#organization\"},\"potentialAction\":[{\"@type\":\"SearchAction\",\"target\":{\"@type\":\"EntryPoint\",\"urlTemplate\":\"https:\/\/ipe-dijon.com\/?s={search_term_string}\"},\"query-input\":\"required name=search_term_string\"}],\"inLanguage\":\"fr-FR\"},{\"@type\":\"Organization\",\"@id\":\"https:\/\/ipe-dijon.com\/#organization\",\"name\":\"IPE Isolation Peinture \u00c9tanch\u00e9it\u00e9\",\"url\":\"https:\/\/ipe-dijon.com\/\",\"logo\":{\"@type\":\"ImageObject\",\"inLanguage\":\"fr-FR\",\"@id\":\"https:\/\/ipe-dijon.com\/#\/schema\/logo\/image\/\",\"url\":\"http:\/\/ipe-dijon.com\/wp-content\/uploads\/2023\/02\/cropped-I.P.E5-1.png\",\"contentUrl\":\"http:\/\/ipe-dijon.com\/wp-content\/uploads\/2023\/02\/cropped-I.P.E5-1.png\",\"width\":512,\"height\":512,\"caption\":\"IPE Isolation Peinture \u00c9tanch\u00e9it\u00e9\"},\"image\":{\"@id\":\"https:\/\/ipe-dijon.com\/#\/schema\/logo\/image\/\"}}]}<\/script>\n<!-- \/ Yoast SEO plugin. -->","yoast_head_json":{"title":"Isolation Peinture \u00c9tanch\u00e9it\u00e9","description":"IPE a une \u00e9quipe de fa\u00e7adiers \u00e0 votre service pour effectuer tous types de travaux neuf ou de r\u00e9novation tels que le ravalement des fa\u00e7ade, isolation, hydrogommage ou encore peinture d'ext\u00e9rieur.","robots":{"index":"index","follow":"follow","max-snippet":"max-snippet:-1","max-image-preview":"max-image-preview:large","max-video-preview":"max-video-preview:-1"},"canonical":"https:\/\/ipe-dijon.com\/?page_id=608","og_locale":"fr_FR","og_type":"article","og_title":"Isolation Peinture \u00c9tanch\u00e9it\u00e9","og_description":"IPE a une \u00e9quipe de fa\u00e7adiers \u00e0 votre service pour effectuer tous types de travaux neuf ou de r\u00e9novation tels que le ravalement des fa\u00e7ade, isolation, hydrogommage ou encore peinture d'ext\u00e9rieur.","og_url":"https:\/\/ipe-dijon.com\/?page_id=608","og_site_name":"IPE Isolation Peinture Etancheit\u00e9","article_modified_time":"2023-03-08T16:09:09+00:00","og_image":[{"url":"http:\/\/ipe-dijon.com\/wp-content\/uploads\/2023\/02\/partie-ouvrier-masculin.jpg"}],"twitter_card":"summary_large_image","twitter_misc":{"Dur\u00e9e de lecture estim\u00e9e":"1 minute"},"schema":{"@context":"https:\/\/schema.org","@graph":[{"@type":"WebPage","@id":"https:\/\/ipe-dijon.com\/?page_id=608","url":"https:\/\/ipe-dijon.com\/?page_id=608","name":"Isolation Peinture \u00c9tanch\u00e9it\u00e9","isPartOf":{"@id":"https:\/\/ipe-dijon.com\/#website"},"datePublished":"2023-02-22T20:52:51+00:00","dateModified":"2023-03-08T16:09:09+00:00","description":"IPE a une \u00e9quipe de fa\u00e7adiers \u00e0 votre service pour effectuer tous types de travaux neuf ou de r\u00e9novation tels que le ravalement des fa\u00e7ade, isolation, hydrogommage ou encore peinture d'ext\u00e9rieur.","breadcrumb":{"@id":"https:\/\/ipe-dijon.com\/?page_id=608#breadcrumb"},"inLanguage":"fr-FR","potentialAction":[{"@type":"ReadAction","target":["https:\/\/ipe-dijon.com\/?page_id=608"]}]},{"@type":"BreadcrumbList","@id":"https:\/\/ipe-dijon.com\/?page_id=608#breadcrumb","itemListElement":[{"@type":"ListItem","position":1,"name":"Home","item":"https:\/\/ipe-dijon.com\/"},{"@type":"ListItem","position":2,"name":"A propos"}]},{"@type":"WebSite","@id":"https:\/\/ipe-dijon.com\/#website","url":"https:\/\/ipe-dijon.com\/","name":"IPE - Isolation Peinture \u00c9tanch\u00e9it\u00e9","description":"Isolation Peinture Etancheit\u00e9","publisher":{"@id":"https:\/\/ipe-dijon.com\/#organization"},"potentialAction":[{"@type":"SearchAction","target":{"@type":"EntryPoint","urlTemplate":"https:\/\/ipe-dijon.com\/?s={search_term_string}"},"query-input":"required name=search_term_string"}],"inLanguage":"fr-FR"},{"@type":"Organization","@id":"https:\/\/ipe-dijon.com\/#organization","name":"IPE Isolation Peinture \u00c9tanch\u00e9it\u00e9","url":"https:\/\/ipe-dijon.com\/","logo":{"@type":"ImageObject","inLanguage":"fr-FR","@id":"https:\/\/ipe-dijon.com\/#\/schema\/logo\/image\/","url":"http:\/\/ipe-dijon.com\/wp-content\/uploads\/2023\/02\/cropped-I.P.E5-1.png","contentUrl":"http:\/\/ipe-dijon.com\/wp-content\/uploads\/2023\/02\/cropped-I.P.E5-1.png","width":512,"height":512,"caption":"IPE Isolation Peinture \u00c9tanch\u00e9it\u00e9"},"image":{"@id":"https:\/\/ipe-dijon.com\/#\/schema\/logo\/image\/"}}]}},"_links":{"self":[{"href":"https:\/\/ipe-dijon.com\/index.php?rest_route=\/wp\/v2\/pages\/608"}],"collection":[{"href":"https:\/\/ipe-dijon.com\/index.php?rest_route=\/wp\/v2\/pages"}],"about":[{"href":"https:\/\/ipe-dijon.com\/index.php?rest_route=\/wp\/v2\/types\/page"}],"author":[{"embeddable":true,"href":"https:\/\/ipe-dijon.com\/index.php?rest_route=\/wp\/v2\/users\/1"}],"replies":[{"embeddable":true,"href":"https:\/\/ipe-dijon.com\/index.php?rest_route=%2Fwp%2Fv2%2Fcomments&post=608"}],"version-history":[{"count":40,"href":"https:\/\/ipe-dijon.com\/index.php?rest_route=\/wp\/v2\/pages\/608\/revisions"}],"predecessor-version":[{"id":947,"href":"https:\/\/ipe-dijon.com\/index.php?rest_route=\/wp\/v2\/pages\/608\/revisions\/947"}],"wp:attachment":[{"href":"https:\/\/ipe-dijon.com\/index.php?rest_route=%2Fwp%2Fv2%2Fmedia&parent=608"}],"curies":[{"name":"wp","href":"https:\/\/api.w.org\/{rel}","templated":true}]}}