{"id":614,"date":"2023-02-22T21:53:27","date_gmt":"2023-02-22T20:53:27","guid":{"rendered":"http:\/\/ipe-dijon.com\/?page_id=614"},"modified":"2023-03-08T17:15:45","modified_gmt":"2023-03-08T16:15:45","slug":"contact","status":"publish","type":"page","link":"https:\/\/ipe-dijon.com\/?page_id=614","title":{"rendered":"Contact"},"content":{"rendered":"\t\t<div data-elementor-type=\"wp-page\" data-elementor-id=\"614\" class=\"elementor elementor-614\">\n\t\t\t\t\t\t<section class=\"elementor-section elementor-top-section elementor-element elementor-element-f1e5589 elementor-section-full_width elementor-section-height-default elementor-section-height-default\" data-id=\"f1e5589\" data-element_type=\"section\" data-settings=\"{&quot;background_background&quot;:&quot;classic&quot;}\">\n\t\t\t\t\t\t<div class=\"elementor-container elementor-column-gap-default\">\n\t\t\t\t\t<div class=\"elementor-column elementor-col-100 elementor-top-column elementor-element elementor-element-4614575\" data-id=\"4614575\" data-element_type=\"column\">\n\t\t\t<div class=\"elementor-widget-wrap elementor-element-populated\">\n\t\t\t\t\t\t<div class=\"elementor-element elementor-element-2ec4e0c elementor-widget elementor-widget-heading\" data-id=\"2ec4e0c\" data-element_type=\"widget\" data-widget_type=\"heading.default\">\n\t\t\t\t<div class=\"elementor-widget-container\">\n\t\t\t<style>\/*! elementor - v3.23.0 - 05-08-2024 *\/\n.elementor-heading-title{padding:0;margin:0;line-height:1}.elementor-widget-heading .elementor-heading-title[class*=elementor-size-]>a{color:inherit;font-size:inherit;line-height:inherit}.elementor-widget-heading .elementor-heading-title.elementor-size-small{font-size:15px}.elementor-widget-heading .elementor-heading-title.elementor-size-medium{font-size:19px}.elementor-widget-heading .elementor-heading-title.elementor-size-large{font-size:29px}.elementor-widget-heading .elementor-heading-title.elementor-size-xl{font-size:39px}.elementor-widget-heading .elementor-heading-title.elementor-size-xxl{font-size:59px}<\/style><h1 class=\"elementor-heading-title elementor-size-default\">Nous contacter<\/h1>\t\t<\/div>\n\t\t\t\t<\/div>\n\t\t\t\t\t<\/div>\n\t\t<\/div>\n\t\t\t\t\t<\/div>\n\t\t<\/section>\n\t\t\t\t<section class=\"elementor-section elementor-top-section elementor-element elementor-element-63545af1 elementor-section-content-middle elementor-reverse-mobile elementor-section-boxed elementor-section-height-default elementor-section-height-default\" data-id=\"63545af1\" data-element_type=\"section\" data-settings=\"{&quot;background_background&quot;:&quot;classic&quot;}\">\n\t\t\t\t\t\t<div class=\"elementor-container elementor-column-gap-no\">\n\t\t\t\t\t<div class=\"elementor-column elementor-col-50 elementor-top-column elementor-element elementor-element-5c0d34d2\" data-id=\"5c0d34d2\" data-element_type=\"column\">\n\t\t\t<div class=\"elementor-widget-wrap elementor-element-populated\">\n\t\t\t\t\t\t<div class=\"elementor-element elementor-element-75ff03b0 elementor-widget elementor-widget-image\" data-id=\"75ff03b0\" data-element_type=\"widget\" data-widget_type=\"image.default\">\n\t\t\t\t<div class=\"elementor-widget-container\">\n\t\t\t<style>\/*! elementor - v3.23.0 - 05-08-2024 *\/\n.elementor-widget-image{text-align:center}.elementor-widget-image a{display:inline-block}.elementor-widget-image a img[src$=\".svg\"]{width:48px}.elementor-widget-image img{vertical-align:middle;display:inline-block}<\/style>\t\t\t\t\t\t\t\t\t\t<img fetchpriority=\"high\" decoding=\"async\" width=\"640\" height=\"640\" src=\"https:\/\/ipe-dijon.com\/wp-content\/uploads\/2023\/02\/telephone-1460517_640.png\" class=\"attachment-large size-large wp-image-783\" alt=\"\" srcset=\"https:\/\/ipe-dijon.com\/wp-content\/uploads\/2023\/02\/telephone-1460517_640.png 640w, https:\/\/ipe-dijon.com\/wp-content\/uploads\/2023\/02\/telephone-1460517_640-300x300.png 300w, https:\/\/ipe-dijon.com\/wp-content\/uploads\/2023\/02\/telephone-1460517_640-150x150.png 150w, https:\/\/ipe-dijon.com\/wp-content\/uploads\/2023\/02\/telephone-1460517_640-600x600.png 600w\" sizes=\"(max-width: 640px) 100vw, 640px\" \/>\t\t\t\t\t\t\t\t\t\t\t\t\t<\/div>\n\t\t\t\t<\/div>\n\t\t\t\t\t<\/div>\n\t\t<\/div>\n\t\t\t\t<div class=\"elementor-column elementor-col-50 elementor-top-column elementor-element elementor-element-17ea5056\" data-id=\"17ea5056\" data-element_type=\"column\">\n\t\t\t<div class=\"elementor-widget-wrap elementor-element-populated\">\n\t\t\t\t\t\t<div class=\"elementor-element elementor-element-2a761544 elementor-align-left elementor-icon-list--layout-traditional elementor-list-item-link-full_width elementor-widget elementor-widget-icon-list\" data-id=\"2a761544\" data-element_type=\"widget\" data-widget_type=\"icon-list.default\">\n\t\t\t\t<div class=\"elementor-widget-container\">\n\t\t\t<link rel=\"stylesheet\" href=\"https:\/\/ipe-dijon.com\/wp-content\/plugins\/elementor\/assets\/css\/widget-icon-list.min.css\">\t\t<ul class=\"elementor-icon-list-items\">\n\t\t\t\t\t\t\t<li class=\"elementor-icon-list-item\">\n\t\t\t\t\t\t\t\t\t\t<span class=\"elementor-icon-list-text\"><b>Addresse :<\/b> 10 Rue au Bouchet 21000 Dijon<\/span>\n\t\t\t\t\t\t\t\t\t<\/li>\n\t\t\t\t\t\t\t\t<li class=\"elementor-icon-list-item\">\n\t\t\t\t\t\t\t\t\t\t<span class=\"elementor-icon-list-text\"><b>Horaire d'ouverture :<\/b> Lun.-Ven. 9:00 - 17:00<\/span>\n\t\t\t\t\t\t\t\t\t<\/li>\n\t\t\t\t\t\t\t\t<li class=\"elementor-icon-list-item\">\n\t\t\t\t\t\t\t\t\t\t<span class=\"elementor-icon-list-text\"><b>T\u00e9lephone:<\/b> +33 06 35 31 18 66<\/span>\n\t\t\t\t\t\t\t\t\t<\/li>\n\t\t\t\t\t\t\t\t<li class=\"elementor-icon-list-item\">\n\t\t\t\t\t\t\t\t\t\t<span class=\"elementor-icon-list-text\"><b>Email:<\/b> societe.ipe@gmail.com<\/span>\n\t\t\t\t\t\t\t\t\t<\/li>\n\t\t\t\t\t\t<\/ul>\n\t\t\t\t<\/div>\n\t\t\t\t<\/div>\n\t\t\t\t\t<\/div>\n\t\t<\/div>\n\t\t\t\t\t<\/div>\n\t\t<\/section>\n\t\t\t\t<section class=\"elementor-section elementor-top-section elementor-element elementor-element-29ac4901 elementor-reverse-mobile elementor-section-content-middle elementor-section-boxed elementor-section-height-default elementor-section-height-default\" data-id=\"29ac4901\" data-element_type=\"section\">\n\t\t\t\t\t\t<div class=\"elementor-container elementor-column-gap-no\">\n\t\t\t\t\t<div class=\"elementor-column elementor-col-50 elementor-top-column elementor-element elementor-element-546020da\" data-id=\"546020da\" data-element_type=\"column\" data-settings=\"{&quot;background_background&quot;:&quot;classic&quot;}\">\n\t\t\t<div class=\"elementor-widget-wrap elementor-element-populated\">\n\t\t\t\t\t\t<div class=\"elementor-element elementor-element-43e6c8da elementor-widget elementor-widget-google_maps\" data-id=\"43e6c8da\" data-element_type=\"widget\" data-widget_type=\"google_maps.default\">\n\t\t\t\t<div class=\"elementor-widget-container\">\n\t\t\t<style>\/*! elementor - v3.23.0 - 05-08-2024 *\/\n.elementor-widget-google_maps .elementor-widget-container{overflow:hidden}.elementor-widget-google_maps .elementor-custom-embed{line-height:0}.elementor-widget-google_maps iframe{height:300px}<\/style>\t\t<div class=\"elementor-custom-embed\">\n\t\t\t<iframe loading=\"lazy\"\n\t\t\t\t\tsrc=\"https:\/\/maps.google.com\/maps?q=10%20Rue%20au%20Bouchet%2021000%20Dijon&#038;t=m&#038;z=15&#038;output=embed&#038;iwloc=near\"\n\t\t\t\t\ttitle=\"10 Rue au Bouchet 21000 Dijon\"\n\t\t\t\t\taria-label=\"10 Rue au Bouchet 21000 Dijon\"\n\t\t\t><\/iframe>\n\t\t<\/div>\n\t\t\t\t<\/div>\n\t\t\t\t<\/div>\n\t\t\t\t\t<\/div>\n\t\t<\/div>\n\t\t\t\t<div class=\"elementor-column elementor-col-50 elementor-top-column elementor-element elementor-element-5f8bfbed\" data-id=\"5f8bfbed\" data-element_type=\"column\">\n\t\t\t<div class=\"elementor-widget-wrap elementor-element-populated\">\n\t\t\t\t\t\t<div class=\"elementor-element elementor-element-1baa3862 elementor-widget elementor-widget-heading\" data-id=\"1baa3862\" data-element_type=\"widget\" data-widget_type=\"heading.default\">\n\t\t\t\t<div class=\"elementor-widget-container\">\n\t\t\t<h2 class=\"elementor-heading-title elementor-size-default\">Nos locaux<\/h2>\t\t<\/div>\n\t\t\t\t<\/div>\n\t\t\t\t<div class=\"elementor-element elementor-element-6bb8663e elementor-widget elementor-widget-icon-box\" data-id=\"6bb8663e\" data-element_type=\"widget\" data-widget_type=\"icon-box.default\">\n\t\t\t\t<div class=\"elementor-widget-container\">\n\t\t\t<link rel=\"stylesheet\" href=\"https:\/\/ipe-dijon.com\/wp-content\/plugins\/elementor\/assets\/css\/widget-icon-box.min.css\">\t\t<div class=\"elementor-icon-box-wrapper\">\n\n\t\t\t\n\t\t\t\t\t\t<div class=\"elementor-icon-box-content\">\n\n\t\t\t\t\t\t\t\t\t<h4 class=\"elementor-icon-box-title\">\n\t\t\t\t\t\t<span  >\n\t\t\t\t\t\t\tAddress:\t\t\t\t\t\t<\/span>\n\t\t\t\t\t<\/h4>\n\t\t\t\t\n\t\t\t\t\t\t\t\t\t<p class=\"elementor-icon-box-description\">\n\t\t\t\t\t\t10 Rue au Bouchet 21000 Dijon\t\t\t\t\t<\/p>\n\t\t\t\t\n\t\t\t<\/div>\n\t\t\t\n\t\t<\/div>\n\t\t\t\t<\/div>\n\t\t\t\t<\/div>\n\t\t\t\t\t<\/div>\n\t\t<\/div>\n\t\t\t\t\t<\/div>\n\t\t<\/section>\n\t\t\t\t<footer class=\"elementor-section elementor-top-section elementor-element elementor-element-54703a0f elementor-section-full_width elementor-section-content-middle elementor-section-height-default elementor-section-height-default\" data-id=\"54703a0f\" data-element_type=\"section\">\n\t\t\t\t\t\t<div class=\"elementor-container elementor-column-gap-no\">\n\t\t\t\t\t<div class=\"elementor-column elementor-col-50 elementor-top-column elementor-element elementor-element-428bb991\" data-id=\"428bb991\" data-element_type=\"column\">\n\t\t\t<div class=\"elementor-widget-wrap elementor-element-populated\">\n\t\t\t\t\t\t<div class=\"elementor-element elementor-element-1e83af30 elementor-widget elementor-widget-image\" data-id=\"1e83af30\" data-element_type=\"widget\" data-widget_type=\"image.default\">\n\t\t\t\t<div class=\"elementor-widget-container\">\n\t\t\t\t\t\t\t\t\t\t\t\t\t<img decoding=\"async\" width=\"300\" height=\"300\" src=\"https:\/\/ipe-dijon.com\/wp-content\/uploads\/2023\/02\/cropped-I.P.E5-1-300x300.png\" class=\"attachment-medium size-medium wp-image-556\" alt=\"\" srcset=\"https:\/\/ipe-dijon.com\/wp-content\/uploads\/2023\/02\/cropped-I.P.E5-1-300x300.png 300w, https:\/\/ipe-dijon.com\/wp-content\/uploads\/2023\/02\/cropped-I.P.E5-1-150x150.png 150w, https:\/\/ipe-dijon.com\/wp-content\/uploads\/2023\/02\/cropped-I.P.E5-1-270x270.png 270w, https:\/\/ipe-dijon.com\/wp-content\/uploads\/2023\/02\/cropped-I.P.E5-1-192x192.png 192w, https:\/\/ipe-dijon.com\/wp-content\/uploads\/2023\/02\/cropped-I.P.E5-1-180x180.png 180w, https:\/\/ipe-dijon.com\/wp-content\/uploads\/2023\/02\/cropped-I.P.E5-1-32x32.png 32w, https:\/\/ipe-dijon.com\/wp-content\/uploads\/2023\/02\/cropped-I.P.E5-1.png 512w\" sizes=\"(max-width: 300px) 100vw, 300px\" \/>\t\t\t\t\t\t\t\t\t\t\t\t\t<\/div>\n\t\t\t\t<\/div>\n\t\t\t\t\t<\/div>\n\t\t<\/div>\n\t\t\t\t<div class=\"elementor-column elementor-col-50 elementor-top-column elementor-element elementor-element-5acaf141\" data-id=\"5acaf141\" data-element_type=\"column\">\n\t\t\t<div class=\"elementor-widget-wrap elementor-element-populated\">\n\t\t\t\t\t\t<div class=\"elementor-element elementor-element-1b309e13 elementor-icon-list--layout-inline elementor-tablet-align-center elementor-align-center elementor-list-item-link-full_width elementor-widget elementor-widget-icon-list\" data-id=\"1b309e13\" data-element_type=\"widget\" data-widget_type=\"icon-list.default\">\n\t\t\t\t<div class=\"elementor-widget-container\">\n\t\t\t\t\t<ul class=\"elementor-icon-list-items elementor-inline-items\">\n\t\t\t\t\t\t\t<li class=\"elementor-icon-list-item elementor-inline-item\">\n\t\t\t\t\t\t\t\t\t\t\t<span class=\"elementor-icon-list-icon\">\n\t\t\t\t\t\t\t<svg aria-hidden=\"true\" class=\"e-font-icon-svg e-fas-phone-alt\" viewBox=\"0 0 512 512\" xmlns=\"http:\/\/www.w3.org\/2000\/svg\"><path d=\"M497.39 361.8l-112-48a24 24 0 0 0-28 6.9l-49.6 60.6A370.66 370.66 0 0 1 130.6 204.11l60.6-49.6a23.94 23.94 0 0 0 6.9-28l-48-112A24.16 24.16 0 0 0 122.6.61l-104 24A24 24 0 0 0 0 48c0 256.5 207.9 464 464 464a24 24 0 0 0 23.4-18.6l24-104a24.29 24.29 0 0 0-14.01-27.6z\"><\/path><\/svg>\t\t\t\t\t\t<\/span>\n\t\t\t\t\t\t\t\t\t\t<span class=\"elementor-icon-list-text\">06 35 31 18 66<\/span>\n\t\t\t\t\t\t\t\t\t<\/li>\n\t\t\t\t\t\t\t\t<li class=\"elementor-icon-list-item elementor-inline-item\">\n\t\t\t\t\t\t\t\t\t\t\t<span class=\"elementor-icon-list-icon\">\n\t\t\t\t\t\t\t<svg aria-hidden=\"true\" class=\"e-font-icon-svg e-fas-location-arrow\" viewBox=\"0 0 512 512\" xmlns=\"http:\/\/www.w3.org\/2000\/svg\"><path d=\"M444.52 3.52L28.74 195.42c-47.97 22.39-31.98 92.75 19.19 92.75h175.91v175.91c0 51.17 70.36 67.17 92.75 19.19l191.9-415.78c15.99-38.39-25.59-79.97-63.97-63.97z\"><\/path><\/svg>\t\t\t\t\t\t<\/span>\n\t\t\t\t\t\t\t\t\t\t<span class=\"elementor-icon-list-text\">10 Rue au Bouchet 21000 Dijon<\/span>\n\t\t\t\t\t\t\t\t\t<\/li>\n\t\t\t\t\t\t\t\t<li class=\"elementor-icon-list-item elementor-inline-item\">\n\t\t\t\t\t\t\t\t\t\t\t<span class=\"elementor-icon-list-icon\">\n\t\t\t\t\t\t\t<svg aria-hidden=\"true\" class=\"e-font-icon-svg e-fas-clock\" viewBox=\"0 0 512 512\" xmlns=\"http:\/\/www.w3.org\/2000\/svg\"><path d=\"M256,8C119,8,8,119,8,256S119,504,256,504,504,393,504,256,393,8,256,8Zm92.49,313h0l-20,25a16,16,0,0,1-22.49,2.5h0l-67-49.72a40,40,0,0,1-15-31.23V112a16,16,0,0,1,16-16h32a16,16,0,0,1,16,16V256l58,42.5A16,16,0,0,1,348.49,321Z\"><\/path><\/svg>\t\t\t\t\t\t<\/span>\n\t\t\t\t\t\t\t\t\t\t<span class=\"elementor-icon-list-text\">Lun.-Ven. 9:00 - 17:00<\/span>\n\t\t\t\t\t\t\t\t\t<\/li>\n\t\t\t\t\t\t<\/ul>\n\t\t\t\t<\/div>\n\t\t\t\t<\/div>\n\t\t\t\t\t<\/div>\n\t\t<\/div>\n\t\t\t\t\t<\/div>\n\t\t<\/footer>\n\t\t\t\t<\/div>\n\t\t","protected":false},"excerpt":{"rendered":"<p>Nous contacter Addresse : 10 Rue au Bouchet 21000 Dijon Horaire d&rsquo;ouverture : Lun.-Ven. 9:00 &#8211; 17:00 T\u00e9lephone: +33 06 35 31 18 66 Email: societe.ipe@gmail.com Nos locaux Address: 10 Rue au Bouchet 21000 Dijon 06 35 31 18 66 10 Rue au Bouchet 21000 Dijon Lun.-Ven. 9:00 &#8211; 17:00<\/p>\n","protected":false},"author":1,"featured_media":0,"parent":0,"menu_order":0,"comment_status":"closed","ping_status":"closed","template":"","meta":{"ocean_post_layout":"","ocean_both_sidebars_style":"","ocean_both_sidebars_content_width":0,"ocean_both_sidebars_sidebars_width":0,"ocean_sidebar":"0","ocean_second_sidebar":"0","ocean_disable_margins":"on","ocean_add_body_class":"","ocean_shortcode_before_top_bar":"","ocean_shortcode_after_top_bar":"","ocean_shortcode_before_header":"","ocean_shortcode_after_header":"","ocean_has_shortcode":"","ocean_shortcode_after_title":"","ocean_shortcode_before_footer_widgets":"","ocean_shortcode_after_footer_widgets":"","ocean_shortcode_before_footer_bottom":"","ocean_shortcode_after_footer_bottom":"","ocean_display_top_bar":"default","ocean_display_header":"default","ocean_header_style":"","ocean_center_header_left_menu":"0","ocean_custom_header_template":"0","ocean_custom_logo":0,"ocean_custom_retina_logo":0,"ocean_custom_logo_max_width":0,"ocean_custom_logo_tablet_max_width":0,"ocean_custom_logo_mobile_max_width":0,"ocean_custom_logo_max_height":0,"ocean_custom_logo_tablet_max_height":0,"ocean_custom_logo_mobile_max_height":0,"ocean_header_custom_menu":"0","ocean_menu_typo_font_family":"0","ocean_menu_typo_font_subset":"","ocean_menu_typo_font_size":0,"ocean_menu_typo_font_size_tablet":0,"ocean_menu_typo_font_size_mobile":0,"ocean_menu_typo_font_size_unit":"px","ocean_menu_typo_font_weight":"","ocean_menu_typo_font_weight_tablet":"","ocean_menu_typo_font_weight_mobile":"","ocean_menu_typo_transform":"","ocean_menu_typo_transform_tablet":"","ocean_menu_typo_transform_mobile":"","ocean_menu_typo_line_height":0,"ocean_menu_typo_line_height_tablet":0,"ocean_menu_typo_line_height_mobile":0,"ocean_menu_typo_line_height_unit":"","ocean_menu_typo_spacing":0,"ocean_menu_typo_spacing_tablet":0,"ocean_menu_typo_spacing_mobile":0,"ocean_menu_typo_spacing_unit":"","ocean_menu_link_color":"","ocean_menu_link_color_hover":"","ocean_menu_link_color_active":"","ocean_menu_link_background":"","ocean_menu_link_hover_background":"","ocean_menu_link_active_background":"","ocean_menu_social_links_bg":"","ocean_menu_social_hover_links_bg":"","ocean_menu_social_links_color":"","ocean_menu_social_hover_links_color":"","ocean_disable_title":"default","ocean_disable_heading":"default","ocean_post_title":"","ocean_post_subheading":"","ocean_post_title_style":"","ocean_post_title_background_color":"","ocean_post_title_background":0,"ocean_post_title_bg_image_position":"","ocean_post_title_bg_image_attachment":"","ocean_post_title_bg_image_repeat":"","ocean_post_title_bg_image_size":"","ocean_post_title_height":0,"ocean_post_title_bg_overlay":0.5,"ocean_post_title_bg_overlay_color":"","ocean_disable_breadcrumbs":"default","ocean_breadcrumbs_color":"","ocean_breadcrumbs_separator_color":"","ocean_breadcrumbs_links_color":"","ocean_breadcrumbs_links_hover_color":"","ocean_display_footer_widgets":"default","ocean_display_footer_bottom":"default","ocean_custom_footer_template":"0"},"yoast_head":"<!-- This site is optimized with the Yoast SEO plugin v21.1 - https:\/\/yoast.com\/wordpress\/plugins\/seo\/ -->\n<title>Isolation Peinture \u00c9tanch\u00e9it\u00e9 - Contact<\/title>\n<meta name=\"description\" content=\"IPE bas\u00e9e \u00e0 Dijon offre une gamme compl\u00e8te de services de qualit\u00e9, notamment l&#039;isolation, la peinture, la r\u00e9novation et l&#039;enduit. Nous mettons notre expertise et notre exp\u00e9rience \u00e0 votre disposition pour am\u00e9liorer l&#039;aspect et la performance de votre maison ou de votre entreprise.\" \/>\n<meta name=\"robots\" content=\"index, follow, max-snippet:-1, max-image-preview:large, max-video-preview:-1\" \/>\n<link rel=\"canonical\" href=\"https:\/\/ipe-dijon.com\/?page_id=614\" \/>\n<meta property=\"og:locale\" content=\"fr_FR\" \/>\n<meta property=\"og:type\" content=\"article\" \/>\n<meta property=\"og:title\" content=\"Isolation Peinture \u00c9tanch\u00e9it\u00e9 - Contact\" \/>\n<meta property=\"og:description\" content=\"IPE bas\u00e9e \u00e0 Dijon offre une gamme compl\u00e8te de services de qualit\u00e9, notamment l&#039;isolation, la peinture, la r\u00e9novation et l&#039;enduit. Nous mettons notre expertise et notre exp\u00e9rience \u00e0 votre disposition pour am\u00e9liorer l&#039;aspect et la performance de votre maison ou de votre entreprise.\" \/>\n<meta property=\"og:url\" content=\"https:\/\/ipe-dijon.com\/?page_id=614\" \/>\n<meta property=\"og:site_name\" content=\"IPE Isolation Peinture Etancheit\u00e9\" \/>\n<meta property=\"article:modified_time\" content=\"2023-03-08T16:15:45+00:00\" \/>\n<meta property=\"og:image\" content=\"http:\/\/ipe-dijon.com\/wp-content\/uploads\/2023\/02\/telephone-1460517_640.png\" \/>\n<meta name=\"twitter:card\" content=\"summary_large_image\" \/>\n<meta name=\"twitter:label1\" content=\"Dur\u00e9e de lecture estim\u00e9e\" \/>\n\t<meta name=\"twitter:data1\" content=\"1 minute\" \/>\n<script type=\"application\/ld+json\" class=\"yoast-schema-graph\">{\"@context\":\"https:\/\/schema.org\",\"@graph\":[{\"@type\":\"WebPage\",\"@id\":\"https:\/\/ipe-dijon.com\/?page_id=614\",\"url\":\"https:\/\/ipe-dijon.com\/?page_id=614\",\"name\":\"Isolation Peinture \u00c9tanch\u00e9it\u00e9 - Contact\",\"isPartOf\":{\"@id\":\"https:\/\/ipe-dijon.com\/#website\"},\"datePublished\":\"2023-02-22T20:53:27+00:00\",\"dateModified\":\"2023-03-08T16:15:45+00:00\",\"description\":\"IPE bas\u00e9e \u00e0 Dijon offre une gamme compl\u00e8te de services de qualit\u00e9, notamment l'isolation, la peinture, la r\u00e9novation et l'enduit. Nous mettons notre expertise et notre exp\u00e9rience \u00e0 votre disposition pour am\u00e9liorer l'aspect et la performance de votre maison ou de votre entreprise.\",\"breadcrumb\":{\"@id\":\"https:\/\/ipe-dijon.com\/?page_id=614#breadcrumb\"},\"inLanguage\":\"fr-FR\",\"potentialAction\":[{\"@type\":\"ReadAction\",\"target\":[\"https:\/\/ipe-dijon.com\/?page_id=614\"]}]},{\"@type\":\"BreadcrumbList\",\"@id\":\"https:\/\/ipe-dijon.com\/?page_id=614#breadcrumb\",\"itemListElement\":[{\"@type\":\"ListItem\",\"position\":1,\"name\":\"Home\",\"item\":\"https:\/\/ipe-dijon.com\/\"},{\"@type\":\"ListItem\",\"position\":2,\"name\":\"Contact\"}]},{\"@type\":\"WebSite\",\"@id\":\"https:\/\/ipe-dijon.com\/#website\",\"url\":\"https:\/\/ipe-dijon.com\/\",\"name\":\"IPE - Isolation Peinture \u00c9tanch\u00e9it\u00e9\",\"description\":\"Isolation Peinture Etancheit\u00e9\",\"publisher\":{\"@id\":\"https:\/\/ipe-dijon.com\/#organization\"},\"potentialAction\":[{\"@type\":\"SearchAction\",\"target\":{\"@type\":\"EntryPoint\",\"urlTemplate\":\"https:\/\/ipe-dijon.com\/?s={search_term_string}\"},\"query-input\":\"required name=search_term_string\"}],\"inLanguage\":\"fr-FR\"},{\"@type\":\"Organization\",\"@id\":\"https:\/\/ipe-dijon.com\/#organization\",\"name\":\"IPE Isolation Peinture \u00c9tanch\u00e9it\u00e9\",\"url\":\"https:\/\/ipe-dijon.com\/\",\"logo\":{\"@type\":\"ImageObject\",\"inLanguage\":\"fr-FR\",\"@id\":\"https:\/\/ipe-dijon.com\/#\/schema\/logo\/image\/\",\"url\":\"http:\/\/ipe-dijon.com\/wp-content\/uploads\/2023\/02\/cropped-I.P.E5-1.png\",\"contentUrl\":\"http:\/\/ipe-dijon.com\/wp-content\/uploads\/2023\/02\/cropped-I.P.E5-1.png\",\"width\":512,\"height\":512,\"caption\":\"IPE Isolation Peinture \u00c9tanch\u00e9it\u00e9\"},\"image\":{\"@id\":\"https:\/\/ipe-dijon.com\/#\/schema\/logo\/image\/\"}}]}<\/script>\n<!-- \/ Yoast SEO plugin. -->","yoast_head_json":{"title":"Isolation Peinture \u00c9tanch\u00e9it\u00e9 - Contact","description":"IPE bas\u00e9e \u00e0 Dijon offre une gamme compl\u00e8te de services de qualit\u00e9, notamment l'isolation, la peinture, la r\u00e9novation et l'enduit. Nous mettons notre expertise et notre exp\u00e9rience \u00e0 votre disposition pour am\u00e9liorer l'aspect et la performance de votre maison ou de votre entreprise.","robots":{"index":"index","follow":"follow","max-snippet":"max-snippet:-1","max-image-preview":"max-image-preview:large","max-video-preview":"max-video-preview:-1"},"canonical":"https:\/\/ipe-dijon.com\/?page_id=614","og_locale":"fr_FR","og_type":"article","og_title":"Isolation Peinture \u00c9tanch\u00e9it\u00e9 - Contact","og_description":"IPE bas\u00e9e \u00e0 Dijon offre une gamme compl\u00e8te de services de qualit\u00e9, notamment l'isolation, la peinture, la r\u00e9novation et l'enduit. Nous mettons notre expertise et notre exp\u00e9rience \u00e0 votre disposition pour am\u00e9liorer l'aspect et la performance de votre maison ou de votre entreprise.","og_url":"https:\/\/ipe-dijon.com\/?page_id=614","og_site_name":"IPE Isolation Peinture Etancheit\u00e9","article_modified_time":"2023-03-08T16:15:45+00:00","og_image":[{"url":"http:\/\/ipe-dijon.com\/wp-content\/uploads\/2023\/02\/telephone-1460517_640.png"}],"twitter_card":"summary_large_image","twitter_misc":{"Dur\u00e9e de lecture estim\u00e9e":"1 minute"},"schema":{"@context":"https:\/\/schema.org","@graph":[{"@type":"WebPage","@id":"https:\/\/ipe-dijon.com\/?page_id=614","url":"https:\/\/ipe-dijon.com\/?page_id=614","name":"Isolation Peinture \u00c9tanch\u00e9it\u00e9 - Contact","isPartOf":{"@id":"https:\/\/ipe-dijon.com\/#website"},"datePublished":"2023-02-22T20:53:27+00:00","dateModified":"2023-03-08T16:15:45+00:00","description":"IPE bas\u00e9e \u00e0 Dijon offre une gamme compl\u00e8te de services de qualit\u00e9, notamment l'isolation, la peinture, la r\u00e9novation et l'enduit. Nous mettons notre expertise et notre exp\u00e9rience \u00e0 votre disposition pour am\u00e9liorer l'aspect et la performance de votre maison ou de votre entreprise.","breadcrumb":{"@id":"https:\/\/ipe-dijon.com\/?page_id=614#breadcrumb"},"inLanguage":"fr-FR","potentialAction":[{"@type":"ReadAction","target":["https:\/\/ipe-dijon.com\/?page_id=614"]}]},{"@type":"BreadcrumbList","@id":"https:\/\/ipe-dijon.com\/?page_id=614#breadcrumb","itemListElement":[{"@type":"ListItem","position":1,"name":"Home","item":"https:\/\/ipe-dijon.com\/"},{"@type":"ListItem","position":2,"name":"Contact"}]},{"@type":"WebSite","@id":"https:\/\/ipe-dijon.com\/#website","url":"https:\/\/ipe-dijon.com\/","name":"IPE - Isolation Peinture \u00c9tanch\u00e9it\u00e9","description":"Isolation Peinture Etancheit\u00e9","publisher":{"@id":"https:\/\/ipe-dijon.com\/#organization"},"potentialAction":[{"@type":"SearchAction","target":{"@type":"EntryPoint","urlTemplate":"https:\/\/ipe-dijon.com\/?s={search_term_string}"},"query-input":"required name=search_term_string"}],"inLanguage":"fr-FR"},{"@type":"Organization","@id":"https:\/\/ipe-dijon.com\/#organization","name":"IPE Isolation Peinture \u00c9tanch\u00e9it\u00e9","url":"https:\/\/ipe-dijon.com\/","logo":{"@type":"ImageObject","inLanguage":"fr-FR","@id":"https:\/\/ipe-dijon.com\/#\/schema\/logo\/image\/","url":"http:\/\/ipe-dijon.com\/wp-content\/uploads\/2023\/02\/cropped-I.P.E5-1.png","contentUrl":"http:\/\/ipe-dijon.com\/wp-content\/uploads\/2023\/02\/cropped-I.P.E5-1.png","width":512,"height":512,"caption":"IPE Isolation Peinture \u00c9tanch\u00e9it\u00e9"},"image":{"@id":"https:\/\/ipe-dijon.com\/#\/schema\/logo\/image\/"}}]}},"_links":{"self":[{"href":"https:\/\/ipe-dijon.com\/index.php?rest_route=\/wp\/v2\/pages\/614"}],"collection":[{"href":"https:\/\/ipe-dijon.com\/index.php?rest_route=\/wp\/v2\/pages"}],"about":[{"href":"https:\/\/ipe-dijon.com\/index.php?rest_route=\/wp\/v2\/types\/page"}],"author":[{"embeddable":true,"href":"https:\/\/ipe-dijon.com\/index.php?rest_route=\/wp\/v2\/users\/1"}],"replies":[{"embeddable":true,"href":"https:\/\/ipe-dijon.com\/index.php?rest_route=%2Fwp%2Fv2%2Fcomments&post=614"}],"version-history":[{"count":34,"href":"https:\/\/ipe-dijon.com\/index.php?rest_route=\/wp\/v2\/pages\/614\/revisions"}],"predecessor-version":[{"id":957,"href":"https:\/\/ipe-dijon.com\/index.php?rest_route=\/wp\/v2\/pages\/614\/revisions\/957"}],"wp:attachment":[{"href":"https:\/\/ipe-dijon.com\/index.php?rest_route=%2Fwp%2Fv2%2Fmedia&parent=614"}],"curies":[{"name":"wp","href":"https:\/\/api.w.org\/{rel}","templated":true}]}}